{"id":46,"date":"2020-06-14T06:48:49","date_gmt":"2020-06-14T06:48:49","guid":{"rendered":"https:\/\/herzsport-nt.de\/?page_id=46"},"modified":"2020-06-14T08:35:50","modified_gmt":"2020-06-14T08:35:50","slug":"datenschutz","status":"publish","type":"page","link":"https:\/\/herzsport-nt.de\/?page_id=46","title":{"rendered":"Datenschutz"},"content":{"rendered":"\t\t<div data-elementor-type=\"wp-page\" data-elementor-id=\"46\" class=\"elementor elementor-46\">\n\t\t\t\t\t\t<section class=\"elementor-section elementor-top-section elementor-element elementor-element-b698d71 elementor-section-boxed elementor-section-height-default elementor-section-height-default\" data-id=\"b698d71\" data-element_type=\"section\" data-e-type=\"section\">\n\t\t\t\t\t\t<div class=\"elementor-container elementor-column-gap-default\">\n\t\t\t\t\t<div class=\"elementor-column elementor-col-100 elementor-top-column elementor-element elementor-element-e2a3714\" data-id=\"e2a3714\" data-element_type=\"column\" data-e-type=\"column\">\n\t\t\t<div class=\"elementor-widget-wrap elementor-element-populated\">\n\t\t\t\t\t\t<div class=\"elementor-element elementor-element-091b84b elementor-widget elementor-widget-text-editor\" data-id=\"091b84b\" data-element_type=\"widget\" data-e-type=\"widget\" data-widget_type=\"text-editor.default\">\n\t\t\t\t<div class=\"elementor-widget-container\">\n\t\t\t\t\t\t\t\t\t<h3><b>Datenschutzordnung<\/b><\/h3><p><i>(<\/i><i>vom Vorstand\/Beirat des Herzsport N\u00fcrtingen e.V. am 25.06.2018 beschlossen)<\/i><\/p><p><b>\u00a71 Daten-Erhebung<\/b><\/p><p>Der Verein Herzsport N\u00fcrtingen e.V. erhebt mit dem Aufnahmeantrag folgende Daten seiner Mitglieder f\u00fcr vereins- und satzungskonforme Zwecke:<\/p><p>&#8211;\u00a0\u00a0\u00a0\u00a0\u00a0\u00a0\u00a0\u00a0\u00a0\u00a0Name, Vorname<\/p><p>&#8211;\u00a0\u00a0\u00a0\u00a0\u00a0\u00a0\u00a0\u00a0\u00a0\u00a0Adresse<\/p><p>&#8211;\u00a0\u00a0\u00a0\u00a0\u00a0\u00a0\u00a0\u00a0\u00a0\u00a0Geburtsdatum<\/p><p>&#8211;\u00a0\u00a0\u00a0\u00a0\u00a0\u00a0\u00a0\u00a0\u00a0\u00a0Telefon \/ e-mail-Adresse<\/p><p>&#8211;\u00a0\u00a0\u00a0\u00a0\u00a0\u00a0\u00a0\u00a0\u00a0\u00a0Bankverbindung<\/p><p>&#8211;\u00a0\u00a0\u00a0\u00a0\u00a0\u00a0\u00a0\u00a0\u00a0\u00a0Hausarzt<\/p><p>&#8211;\u00a0\u00a0\u00a0\u00a0\u00a0\u00a0\u00a0\u00a0\u00a0\u00a0Krankenkassenzugeh\u00f6rigkeit<\/p><p>Eine pers\u00f6nliche Mitglieds-\/Patientenakte mit Unterlagen zum Krankheitsverlauf wird erstellt (Foto, Entlass-Berichte Krankenhaus \/ Reha, Belastungs-EKG, Verordnung Rehasport).<\/p><p>Das Vereinsmitglied anerkennt die Datenschutzordnung mit seiner Unterschrift im Aufnahmeantrag.<\/p><p><b>\u00a72 Daten-Speicherung<\/b><\/p><p>Eine Datenspeicherung erfolgt in der Mitgliedsdatei des Herzsport N\u00fcrtingen e.V.. Zugriff hat der gew\u00e4hlte Vorstand.<\/p><p>Die Patientenakten werden in Gruppenordnern von den zust\u00e4ndigen \u00dcbungsleitern gef\u00fchrt. Zugriff haben die \u00dcbungsleiter\/innen, die betreuenden \u00c4rzte, der betreuende Sanit\u00e4ter sowie der gew\u00e4hlte Vorstand f\u00fcr die Abrechnung mit den Kassen.<\/p><p><b>\u00a73 Daten-Nutzung und Verarbeitung<\/b><\/p><p>Die Daten der Vereinsmitglieder werden f\u00fcr die Umsetzung der in der Satzung festgeschriebenen Aufgaben und Pflichten verwendet:<\/p><p>&#8211;\u00a0\u00a0\u00a0\u00a0\u00a0\u00a0\u00a0\u00a0\u00a0\u00a0Information der Mitglieder durch den Vorstand<\/p><p>&#8211;\u00a0\u00a0\u00a0\u00a0\u00a0\u00a0\u00a0\u00a0\u00a0\u00a0Erhebung Mitgliedsbeitrag, bzw. Kursgeb\u00fchr<\/p><p>&#8211;\u00a0\u00a0\u00a0\u00a0\u00a0\u00a0\u00a0\u00a0\u00a0\u00a0Abrechnung des Rehabilitationssports mit den zust\u00e4ndigen Kassen (Krankenkassen, Rentenversicherung,\u2026)<\/p><p>&#8211;\u00a0\u00a0\u00a0\u00a0\u00a0\u00a0\u00a0\u00a0\u00a0\u00a0Ergometrie-Kontrolltermine mit den zust\u00e4ndigen \u00c4rzten<\/p><p>&#8211;\u00a0\u00a0\u00a0\u00a0\u00a0\u00a0\u00a0\u00a0\u00a0\u00a0Fotos auf der Internetseite\u00a0<span style=\"color: #0066cc;\"><a href=\"http:\/\/www.herzsport-nuertingen.de\/\">www.herzsport-nuertingen.de<\/a>, www.herzsport-nt.de<\/span><\/p><p><b>\u00a74 Daten-Sperrung und L\u00f6schung<\/b><\/p><p>Die Sperrung, bzw. L\u00f6schung pers\u00f6nlicher Daten erfolgt durch Austritt aus dem Verein (K\u00fcndigung bis 30.09.), bzw. im Todesfall.<\/p><p>Die pers\u00f6nliche Mitglieds-\/Patientenakte wird auf formlose Anfrage ausgeh\u00e4ndigt, bzw. zugeschickt. Bei Nicht-Anforderung werden die Unterlagen Datenschutz-technisch vernichtet!<\/p><h3>\u00a0<\/h3><h3>Ansprechpartner f\u00fcr den Datenschutz beim Herzsport N\u00fcrtingen e.V.<\/h3><p>Silvia Ochs, E-Mail: herzsport-nuertingen@web.de\u00a0<\/p>\t\t\t\t\t\t\t\t<\/div>\n\t\t\t\t<\/div>\n\t\t\t\t\t<\/div>\n\t\t<\/div>\n\t\t\t\t\t<\/div>\n\t\t<\/section>\n\t\t\t\t<\/div>\n\t\t","protected":false},"excerpt":{"rendered":"<p>Datenschutzordnung (vom Vorstand\/Beirat des Herzsport N\u00fcrtingen e.V. am 25.06.2018 beschlossen) \u00a71 Daten-Erhebung Der Verein Herzsport N\u00fcrtingen e.V. erhebt mit dem Aufnahmeantrag folgende Daten seiner Mitglieder f\u00fcr vereins- und satzungskonforme Zwecke: &#8211;\u00a0\u00a0\u00a0\u00a0\u00a0\u00a0\u00a0\u00a0\u00a0\u00a0Name, Vorname &#8211;\u00a0\u00a0\u00a0\u00a0\u00a0\u00a0\u00a0\u00a0\u00a0\u00a0Adresse &#8211;\u00a0\u00a0\u00a0\u00a0\u00a0\u00a0\u00a0\u00a0\u00a0\u00a0Geburtsdatum &#8211;\u00a0\u00a0\u00a0\u00a0\u00a0\u00a0\u00a0\u00a0\u00a0\u00a0Telefon \/ e-mail-Adresse &#8211;\u00a0\u00a0\u00a0\u00a0\u00a0\u00a0\u00a0\u00a0\u00a0\u00a0Bankverbindung &#8211;\u00a0\u00a0\u00a0\u00a0\u00a0\u00a0\u00a0\u00a0\u00a0\u00a0Hausarzt &#8211;\u00a0\u00a0\u00a0\u00a0\u00a0\u00a0\u00a0\u00a0\u00a0\u00a0Krankenkassenzugeh\u00f6rigkeit Eine pers\u00f6nliche Mitglieds-\/Patientenakte mit Unterlagen zum Krankheitsverlauf wird erstellt (Foto, Entlass-Berichte Krankenhaus \/ Reha, Belastungs-EKG, [&hellip;]<\/p>\n","protected":false},"author":1,"featured_media":0,"parent":0,"menu_order":0,"comment_status":"closed","ping_status":"closed","template":"","meta":{"ocean_post_layout":"","ocean_both_sidebars_style":"","ocean_both_sidebars_content_width":0,"ocean_both_sidebars_sidebars_width":0,"ocean_sidebar":"0","ocean_second_sidebar":"0","ocean_disable_margins":"enable","ocean_add_body_class":"","ocean_shortcode_before_top_bar":"","ocean_shortcode_after_top_bar":"","ocean_shortcode_before_header":"","ocean_shortcode_after_header":"","ocean_has_shortcode":"","ocean_shortcode_after_title":"","ocean_shortcode_before_footer_widgets":"","ocean_shortcode_after_footer_widgets":"","ocean_shortcode_before_footer_bottom":"","ocean_shortcode_after_footer_bottom":"","ocean_display_top_bar":"default","ocean_display_header":"default","ocean_header_style":"","ocean_center_header_left_menu":"0","ocean_custom_header_template":"0","ocean_custom_logo":0,"ocean_custom_retina_logo":0,"ocean_custom_logo_max_width":0,"ocean_custom_logo_tablet_max_width":0,"ocean_custom_logo_mobile_max_width":0,"ocean_custom_logo_max_height":0,"ocean_custom_logo_tablet_max_height":0,"ocean_custom_logo_mobile_max_height":0,"ocean_header_custom_menu":"0","ocean_menu_typo_font_family":"0","ocean_menu_typo_font_subset":"","ocean_menu_typo_font_size":0,"ocean_menu_typo_font_size_tablet":0,"ocean_menu_typo_font_size_mobile":0,"ocean_menu_typo_font_size_unit":"px","ocean_menu_typo_font_weight":"","ocean_menu_typo_font_weight_tablet":"","ocean_menu_typo_font_weight_mobile":"","ocean_menu_typo_transform":"","ocean_menu_typo_transform_tablet":"","ocean_menu_typo_transform_mobile":"","ocean_menu_typo_line_height":0,"ocean_menu_typo_line_height_tablet":0,"ocean_menu_typo_line_height_mobile":0,"ocean_menu_typo_line_height_unit":"","ocean_menu_typo_spacing":0,"ocean_menu_typo_spacing_tablet":0,"ocean_menu_typo_spacing_mobile":0,"ocean_menu_typo_spacing_unit":"","ocean_menu_link_color":"","ocean_menu_link_color_hover":"","ocean_menu_link_color_active":"","ocean_menu_link_background":"","ocean_menu_link_hover_background":"","ocean_menu_link_active_background":"","ocean_menu_social_links_bg":"","ocean_menu_social_hover_links_bg":"","ocean_menu_social_links_color":"","ocean_menu_social_hover_links_color":"","ocean_disable_title":"default","ocean_disable_heading":"default","ocean_post_title":"","ocean_post_subheading":"","ocean_post_title_style":"","ocean_post_title_background_color":"","ocean_post_title_background":0,"ocean_post_title_bg_image_position":"","ocean_post_title_bg_image_attachment":"","ocean_post_title_bg_image_repeat":"","ocean_post_title_bg_image_size":"","ocean_post_title_height":0,"ocean_post_title_bg_overlay":0.5,"ocean_post_title_bg_overlay_color":"","ocean_disable_breadcrumbs":"default","ocean_breadcrumbs_color":"","ocean_breadcrumbs_separator_color":"","ocean_breadcrumbs_links_color":"","ocean_breadcrumbs_links_hover_color":"","ocean_display_footer_widgets":"default","ocean_display_footer_bottom":"default","ocean_custom_footer_template":"0","footnotes":""},"class_list":["post-46","page","type-page","status-publish","hentry","entry"],"_links":{"self":[{"href":"https:\/\/herzsport-nt.de\/index.php?rest_route=\/wp\/v2\/pages\/46","targetHints":{"allow":["GET"]}}],"collection":[{"href":"https:\/\/herzsport-nt.de\/index.php?rest_route=\/wp\/v2\/pages"}],"about":[{"href":"https:\/\/herzsport-nt.de\/index.php?rest_route=\/wp\/v2\/types\/page"}],"author":[{"embeddable":true,"href":"https:\/\/herzsport-nt.de\/index.php?rest_route=\/wp\/v2\/users\/1"}],"replies":[{"embeddable":true,"href":"https:\/\/herzsport-nt.de\/index.php?rest_route=%2Fwp%2Fv2%2Fcomments&post=46"}],"version-history":[{"count":3,"href":"https:\/\/herzsport-nt.de\/index.php?rest_route=\/wp\/v2\/pages\/46\/revisions"}],"predecessor-version":[{"id":92,"href":"https:\/\/herzsport-nt.de\/index.php?rest_route=\/wp\/v2\/pages\/46\/revisions\/92"}],"wp:attachment":[{"href":"https:\/\/herzsport-nt.de\/index.php?rest_route=%2Fwp%2Fv2%2Fmedia&parent=46"}],"curies":[{"name":"wp","href":"https:\/\/api.w.org\/{rel}","templated":true}]}}